{"id":8,"date":"2021-08-09T03:44:56","date_gmt":"2021-08-09T03:44:56","guid":{"rendered":"https:\/\/construcaocivil.srv.br\/?page_id=8"},"modified":"2021-09-27T20:08:49","modified_gmt":"2021-09-27T20:08:49","slug":"construcao-civil","status":"publish","type":"page","link":"https:\/\/construcaocivil.srv.br\/construcao-civil\/","title":{"rendered":"Constru\u00e7\u00e3o Civil"},"content":{"rendered":"<h1>Constru\u00e7\u00e3o Civil<\/h1>\n<h1>Manual do Empreiteiro de Sucesso<\/h1>\n<p>Atua na Constru\u00e7\u00e3o Civil? \u00c9 engenheiro(a) ou mestre de obra? O que acha de abrir uma construtora?<\/p>\n<p>Encontre dicas valiosas no eBook Gratuito, aprenda passos importantes do setor e, quem sabe, atue com sua pr\u00f3pria construtora.<\/p>\n<h4>Receba o eBook Gratuito<\/h4>\n<p>Complete com seus dados<\/p>\n<h2>Planejamento nunca \u00e9 demais<\/h2>\n<p>Como na cria\u00e7\u00e3o de qualquer outro empreendimento, planejamento \u00e9 indispens\u00e1vel. Existem muitas etapas necess\u00e1rias para que sua atua\u00e7\u00e3o na Constru\u00e7\u00e3o Civil seja um neg\u00f3cio de sucesso.<\/p>\n<p>\t\t\t\t\t\t\t\t\t\t\t\t\t\t\t<img decoding=\"async\" width=\"337\" height=\"391\" src=\"https:\/\/construcaocivil.srv.br\/wp-content\/uploads\/2021\/08\/electrician-girl-with-docs.jpg\" alt=\"\" loading=\"lazy\" srcset=\"https:\/\/construcaocivil.srv.br\/wp-content\/uploads\/2021\/08\/electrician-girl-with-docs.jpg 337w, https:\/\/construcaocivil.srv.br\/wp-content\/uploads\/2021\/08\/electrician-girl-with-docs-259x300.jpg 259w\" sizes=\"auto, (max-width: 337px) 100vw, 337px\" \/>\t\t\t\t\t\t\t\t\t\t\t\t\t\t\t<\/p>\n<h4>O que encontrarei no eBook?<\/h4>\n<p>Veja os principais t\u00f3picos que s\u00e3o tratados no eBook Gratuito Manual do Empreiteiro de Sucesso.<\/p>\n<ul>\n<li>\n\t\t\t\t\t\t\t\t\t\tMercado Regional\n\t\t\t\t\t\t\t\t\t<\/li>\n<li>\n\t\t\t\t\t\t\t\t\t\tPlano de Trabalho\n\t\t\t\t\t\t\t\t\t<\/li>\n<li>\n\t\t\t\t\t\t\t\t\t\tPlanejamento Financeiro\n\t\t\t\t\t\t\t\t\t<\/li>\n<li>\n\t\t\t\t\t\t\t\t\t\tProcesso Burocr\u00e1tico\n\t\t\t\t\t\t\t\t\t<\/li>\n<li>\n\t\t\t\t\t\t\t\t\t\tLocal das instala\u00e7\u00f5es\n\t\t\t\t\t\t\t\t\t<\/li>\n<li>\n\t\t\t\t\t\t\t\t\t\tFerramentas e m\u00e3o de obra\n\t\t\t\t\t\t\t\t\t<\/li>\n<li>\n\t\t\t\t\t\t\t\t\t\tAlternativas inteligentes\n\t\t\t\t\t\t\t\t\t<\/li>\n<li>\n\t\t\t\t\t\t\t\t\t\tEquipe consciente\n\t\t\t\t\t\t\t\t\t<\/li>\n<li>\n\t\t\t\t\t\t\t\t\t\tComo conseguir clientes?\n\t\t\t\t\t\t\t\t\t<\/li>\n<\/ul>\n<p>\t\t\t\t\t\t\t\t\t\t\t\t\t\t\t\t<a href=\"https:\/\/tacontratado.com.br\" target=\"_blank\" rel=\"noopener\"><br \/>\n\t\t\t\t\t\t\t<img decoding=\"async\" width=\"300\" height=\"70\" src=\"https:\/\/construcaocivil.srv.br\/wp-content\/uploads\/2021\/08\/008-logotacontratado-min.png\" alt=\"\" loading=\"lazy\" \/>\t\t\t\t\t\t\t\t<\/a><\/p>\n<h2>Conhe\u00e7a a Plataforma T\u00e1 Contratado<\/h2>\n<p>Fa\u00e7a seu cadastro e comece a divulgar seus servi\u00e7os para milhares de usu\u00e1rios.<\/p>\n<p>\t\t\t<a href=\"https:\/\/tacontratado.com.br\" role=\"button\"><br \/>\n\t\t\t\t\t\tQuero Conhecer<br \/>\n\t\t\t\t\t<\/a><\/p>\n<p>Copyright 2021 <a href=\"https:\/\/tacontratado.com.br\">T\u00e1 Contratado<\/a><\/p>\n<p><a href=\"https:\/\/construcaocivil.srv.br\/index.php\/blog\/\">Blog em V\u00eddeos<\/a><\/p>\n<p>Cria\u00e7\u00e3o <a href=\"https:\/\/worldoffice.com.br\" target=\"_blank\" rel=\"noopener\">World Office<\/a><\/p>\n","protected":false},"excerpt":{"rendered":"<p>When It Comes To Reliability, We Are The One You Need! Fusce porta euismod magna, eu vehicula tellus feugiat ac. Know More Request Callback Please Complete The Form Quality Work Through Dedication Aliquam suscipit felis a arcu laoreet congue. Habeo nemore appellantur eu usu, usu putant adolescens consequuntur ei, mel tempor consulatu voluptaria. Aliquam suscipit &hellip;<\/p>\n<p class=\"read-more\"> <a class=\"\" href=\"https:\/\/websitedemos.net\/electrician-02\/\"> <span class=\"screen-reader-text\">Home<\/span> Read More &raquo;<\/a><\/p>\n","protected":false},"author":1,"featured_media":0,"parent":0,"menu_order":0,"comment_status":"closed","ping_status":"closed","template":"elementor_canvas","meta":{"footnotes":""},"class_list":["post-8","page","type-page","status-publish","hentry"],"aioseo_notices":[],"_links":{"self":[{"href":"https:\/\/construcaocivil.srv.br\/wp-json\/wp\/v2\/pages\/8","targetHints":{"allow":["GET"]}}],"collection":[{"href":"https:\/\/construcaocivil.srv.br\/wp-json\/wp\/v2\/pages"}],"about":[{"href":"https:\/\/construcaocivil.srv.br\/wp-json\/wp\/v2\/types\/page"}],"author":[{"embeddable":true,"href":"https:\/\/construcaocivil.srv.br\/wp-json\/wp\/v2\/users\/1"}],"replies":[{"embeddable":true,"href":"https:\/\/construcaocivil.srv.br\/wp-json\/wp\/v2\/comments?post=8"}],"version-history":[{"count":70,"href":"https:\/\/construcaocivil.srv.br\/wp-json\/wp\/v2\/pages\/8\/revisions"}],"predecessor-version":[{"id":193,"href":"https:\/\/construcaocivil.srv.br\/wp-json\/wp\/v2\/pages\/8\/revisions\/193"}],"wp:attachment":[{"href":"https:\/\/construcaocivil.srv.br\/wp-json\/wp\/v2\/media?parent=8"}],"curies":[{"name":"wp","href":"https:\/\/api.w.org\/{rel}","templated":true}]}}